{"id":1521,"date":"2017-03-20T14:58:08","date_gmt":"2017-03-20T13:58:08","guid":{"rendered":"http:\/\/www.akademijazdravlja.com\/?page_id=1521"},"modified":"2017-03-20T14:58:08","modified_gmt":"2017-03-20T13:58:08","slug":"svjedocanstva-sva","status":"publish","type":"page","link":"https:\/\/www.akademijazdravlja.com\/cms\/svjedocanstva-sva\/","title":{"rendered":"Svjedo\u010danstva"},"content":{"rendered":"<div class=\"testimonials-widget-testimonials listing\">\n<div class=\"testimonials-widget-testimonial list odd post-2970 testimonials-widget type-testimonials-widget status-publish\" style=\"\">\n<!-- testimonials-widget-testimonials:2970: -->\n\t\t<blockquote><p><span class=\"open-quote\"><\/span><img loading=\"lazy\" decoding=\"async\" class=\"wp-image-2972 alignleft\" src=\"https:\/\/www.akademijazdravlja.com\/cms\/wp-content\/uploads\/2020\/04\/2-300x242.jpg\" alt=\"\" width=\"173\" height=\"140\" srcset=\"https:\/\/www.akademijazdravlja.com\/cms\/wp-content\/uploads\/2020\/04\/2-300x242.jpg 300w, https:\/\/www.akademijazdravlja.com\/cms\/wp-content\/uploads\/2020\/04\/2-1024x827.jpg 1024w, https:\/\/www.akademijazdravlja.com\/cms\/wp-content\/uploads\/2020\/04\/2-768x620.jpg 768w, https:\/\/www.akademijazdravlja.com\/cms\/wp-content\/uploads\/2020\/04\/2-600x485.jpg 600w, https:\/\/www.akademijazdravlja.com\/cms\/wp-content\/uploads\/2020\/04\/2.jpg 1123w\" sizes=\"auto, (max-width: 173px) 100vw, 173px\" \/><img loading=\"lazy\" decoding=\"async\" class=\"wp-image-2973 alignleft\" src=\"https:\/\/www.akademijazdravlja.com\/cms\/wp-content\/uploads\/2020\/04\/1-300x210.jpg\" alt=\"\" width=\"200\" height=\"140\" srcset=\"https:\/\/www.akademijazdravlja.com\/cms\/wp-content\/uploads\/2020\/04\/1-300x210.jpg 300w, https:\/\/www.akademijazdravlja.com\/cms\/wp-content\/uploads\/2020\/04\/1-768x538.jpg 768w, https:\/\/www.akademijazdravlja.com\/cms\/wp-content\/uploads\/2020\/04\/1-600x420.jpg 600w, https:\/\/www.akademijazdravlja.com\/cms\/wp-content\/uploads\/2020\/04\/1.jpg 877w\" sizes=\"auto, (max-width: 200px) 100vw, 200px\" \/><span style=\"font-size: 1rem;\">\u017delim se od srca zahvaliti gospodinu \u0160turmanu na terapiji.<\/span><\/p>\n<p>Naime, preporuka Urologa je bila operacija kamenca od 8mm koji se zaglavio u ureteru. Nakon jedne terapije kod gospodina \u0160turmana, kamenac je nestao.<\/p>\n<p>U prilogu \u0161aljem dva ultrazvuka napravljena u razmaku od sedam dana gdje se u prvom vidi kamenac a u drugom ga nema.<span class=\"close-quote\"><\/span><\/p>\n<\/blockquote>\n\t\t\t<div class=\"credit\"><span class=\"author\">C (55)<\/span><span class=\"join-location\"><\/span><span class=\"location\">Pula, 28.04.2020.<\/span><\/div>\n\t<\/div>\n<div class=\"testimonials-widget-testimonial list even post-2665 testimonials-widget type-testimonials-widget status-publish\" style=\"\">\n<!-- testimonials-widget-testimonials:2665: -->\n\t\t<blockquote><p><span class=\"open-quote\"><\/span>Damira sam upoznala 2012. god. Od tada mi se \u017eivot pobolj\u0161ao na duhovnom i fizi\u010dkom nivou.<\/p>\n<p>Na preporuku Damira zatvorila sam obrt koji sam imala i otvorila firmu s datumom koji mi je Damir savjetovao. Dan nakon otvaranja firme imala sam zna\u010dajan porast prihoda i bolju energiju u firmi.<\/p>\n<p>Dragi Damir, veliko ti hvala na svemu i velika zahvalnost.<\/p>\n<p>Hvalat ti, hvala ti, hvala ti.<span class=\"close-quote\"><\/span><\/p>\n<\/blockquote>\n\t\t\t<div class=\"credit\"><span class=\"author\">T.S. (37)<\/span><span class=\"join-location\"><\/span><span class=\"location\">30.6.2018.<\/span><\/div>\n\t<\/div>\n<div class=\"testimonials-widget-testimonial list odd post-1556 testimonials-widget type-testimonials-widget status-publish\" style=\"\">\n<!-- testimonials-widget-testimonials:1556: -->\n\t\t<blockquote><p><span class=\"open-quote\"><\/span>Damira sam upoznao 2009. godine., po preporuci poslovnog partnera.<\/p>\n<p>Po\u010detkom pro\u0161le godine sam se na\u0161ao u velikoj \u017eivotnoj i poslovnoj krizi. Damir mi je u periodu od 6 mjeseci napravio nekoliko energetskih tretmana, energetski je podr\u017eavao i moju tvrtku te mi je pru\u017eao i telefonsku podr\u0161ku odnosno savjetovanje. Krajem pro\u0161le godine je negativan trend poslovanja zaustavljen. U listopadu pro\u0161le godine je napravio poslovnu odnosno financijsku projekciju poslovanja moje tvrtke za 2017., po mjesecima. Predvi\u0111anje za prva \u010detiri mjeseca su pokazivala rast poslovnih prihoda u prosjeku od 16%. u odnosu na isti period pro\u0161le godine. Analizom po\u010detkom svibnja sam ustanovio da je ukupno odstupanje u odnosu na Damirovu procjenu +3,5 %.\u00a0 Procjenu smatram nevjerojatno to\u010dnom a navedeno odstupanje zanemarivim.<\/p>\n<p>Iskreno sam zadovoljan sa Damirovom podr\u0161kom, suradnjom te oporavkom poslovanja. Hvala Ti.<span class=\"close-quote\"><\/span><\/p>\n<\/blockquote>\n\t\t\t<div class=\"credit\"><span class=\"author\">K. (49)<\/span><span class=\"join-location\"><\/span><span class=\"location\">poduzetnik, 18.05.2017.<\/span><\/div>\n\t<\/div>\n<div class=\"testimonials-widget-testimonial list even post-1549 testimonials-widget type-testimonials-widget status-publish\" style=\"\">\n<!-- testimonials-widget-testimonials:1549: -->\n\t\t<blockquote><p><span class=\"open-quote\"><\/span><\/p>\n<div class=\"gmail_default\">\n<div class=\"gmail_default\"><span style=\"color: #333333; font-family: arial, helvetica, sans-serif;\"><i>Damir je nadareni iscjelitelj. Intuitivno zna \u0161to treba izlije\u010diti u va\u0161em umu, tijelu i duhu.<\/i><\/span><\/div>\n<div class=\"gmail_default\"><span style=\"color: #333333; font-family: arial, helvetica, sans-serif;\"><i>\u00a0<\/i><\/span><\/div>\n<div class=\"gmail_default\"><span style=\"color: #333333; font-family: arial, helvetica, sans-serif;\"><i>Posjetila sam ga u rujnu 2016. i do\u017eivila dramati\u010dno osloba\u0111anje starih ideja koje su me prije zatvorile. Naime, rad s njim omogu\u0107io mi je da postanem iscjeliteljica. Napravio je ono \u0161to je nevidljivo, vidljivo. Pomogao mi je otkriti istinsku svrhu u ovom \u017eivotu (budite jedno s Bogom i budite svjetlost za druge).<\/i><\/span><\/div>\n<div class=\"gmail_default\"><span style=\"color: #333333; font-family: arial, helvetica, sans-serif;\"><i>\u00a0<\/i><\/span><\/div>\n<div class=\"gmail_default\"><span style=\"color: #333333; font-family: arial, helvetica, sans-serif;\"><i>Damir mi je tako\u0111er pomogao da se oporavim od ozljede le\u0111a. I pomogao mi je da se rije\u0161im situacije na poslu, \u0161to je rezultiralo porastom pla\u0107e od 50% i novih odgovornosti i presti\u017ea.<\/i><\/span><\/div>\n<div class=\"gmail_default\"><span style=\"color: #333333; font-family: arial, helvetica, sans-serif;\"><i>\u00a0<\/i><\/span><\/div>\n<div class=\"gmail_default\"><span style=\"color: #333333; font-family: arial, helvetica, sans-serif;\"><i>Ja sam vje\u010dno zahvalna za njega, kao iscjelitelja i kao prijatelja.<\/i><\/span><\/div>\n<div class=\"gmail_default\"><\/div>\n<\/div>\n<p><span class=\"close-quote\"><\/span><\/p>\n<\/blockquote>\n\t\t\t<div class=\"credit\"><span class=\"author\">Katy (32)<\/span><span class=\"join-location\"><\/span><span class=\"location\">New York, 16.05.2017.<\/span><\/div>\n\t<\/div>\n<div class=\"testimonials-widget-testimonial list odd post-1517 testimonials-widget type-testimonials-widget status-publish\" style=\"\">\n<!-- testimonials-widget-testimonials:1517: -->\n\t\t<blockquote><p><span class=\"open-quote\"><\/span>Pro\u0161le godine u 2mj. dijagnosticirani su mi dva tumora na mozgu, operacijom kemoterapijom i zra\u010denjem sam otklonio tumore, ali meni to nije bilo dovoljno pa sam se obratio gospodinu Damiru \u0160turman, napravio mi je tretman koji mi je dao veliku snagu i jo\u0161 ve\u0107u volju za \u017eivotom, rije\u0161io me je velikih strahova i sumnji da \u0107e moje zdravlje ikada biti dobro, uz njegovo savjetovanje i terapiju ja sam ponovno ro\u0111en&#8230; Velika mu hvala svakomu bi preporu\u010dio gospodina Damira \u0160turman jer njegove smirene rije\u010di i upute samo treba dobro slu\u0161ati i svatko mo\u017ee i ho\u0107e ozdraviti u vrlo kratkom roku &#8211; govorim iz vlastita iskustva&#8230;. jo\u0161 jednom hvala mu&#8230;.<span class=\"close-quote\"><\/span><\/p>\n<\/blockquote>\n\t\t\t<div class=\"credit\"><span class=\"author\">Daniel K.<\/span><span class=\"join-location\"><\/span><span class=\"location\">Pore\u010d, 22.01.2014.<\/span><\/div>\n\t<\/div>\n<div class=\"testimonials-widget-testimonial list even post-855 testimonials-widget type-testimonials-widget status-publish tag-damir\" style=\"\">\n<!-- testimonials-widget-testimonials:855: -->\n\t\t<blockquote><p><span class=\"open-quote\"><\/span>Kod Damira me pri prvom susretu najvi\u0161e dojmila njegova iskrenost, koja se nastavila tijekom tri godine koliko traje na\u0161e poznanstvo i suradnja.<br \/>\nNa svako moje bilo usmeno ili pismeno pitanje uvijek je odgovorio, iz \u010dega proizlazi njegova iskrena \u017eelja za pomo\u0107i ili savijetom.<br \/>\nUvijek bi se nakon tretmana osje\u0107ala puna elana, pozitivne energije.<br \/>\nDamir je ljudsko bi\u0107e sa darom koji nesebi\u010dno djeli sa drugima i prijatelj na kojeg uvijek mo\u017eete ra\u010dunati.<span class=\"close-quote\"><\/span><\/p>\n<\/blockquote>\n\t\t\t<div class=\"credit\"><span class=\"author\">Anna B. (40)<\/span><span class=\"join-location\"><\/span><span class=\"location\">Rovinj, 17.12.2012.<\/span><\/div>\n\t<\/div>\n<div class=\"testimonials-widget-testimonial list odd post-854 testimonials-widget type-testimonials-widget status-publish tag-damir\" style=\"\">\n<!-- testimonials-widget-testimonials:854: -->\n\t\t<blockquote><p><span class=\"open-quote\"><\/span>Damira sam upoznala na preporuku prijateljice 2010.g Imala sam ve\u0107 iskustva sa energoterapijom koju sam prakticirala u dijelu gdje mi zvani\u010dna medicina nije mogla pomo\u0107i. Nakon prve terapije i svake naredne shvatila sam da je ovo ne\u0161to sasvim druga\u010dije, ne\u0161to \u0161to vas di\u017ee mentalno, a ne samo fizi\u010dki, ne\u0161to \u0161to vam daje \u017eivotnu radost u trenucima kada ste umorni od svakodnevnih obveza. U vrijeme bolesti i problema Damir je uvijek uz mene i moju obitelj spreman za pomo\u0107. Kategorija vremena za njega ne postoji, uvijek je tu negdje pokraj nas. Zato je pravo bogatstvo poznavati ga. Danas su moji nalazi u granicama normale, zato \u0107u samo re\u0107i hvala ti Damir.<span class=\"close-quote\"><\/span><\/p>\n<\/blockquote>\n\t\t\t<div class=\"credit\"><span class=\"author\">Nada M.(58)<\/span><span class=\"join-location\"><\/span><span class=\"location\">Osijek, 02.12.2012.<\/span><\/div>\n\t<\/div>\n<div class=\"testimonials-widget-testimonial list even post-853 testimonials-widget type-testimonials-widget status-publish tag-damir\" style=\"\">\n<!-- testimonials-widget-testimonials:853: -->\n\t\t<blockquote><p><span class=\"open-quote\"><\/span>Po\u0161tovani Damire,<br \/>\n\u017delio bih ti zahvaliti na na\u0161a \u010detiri susreta u Zagrebu.<br \/>\nNi\u0161ta u \u017eivotu nije slu\u010dajno pa tako sam i ja prona\u0161ao tebe koji si me \u201edoveo\u201c u ovih na\u0161ih par susreta do jedne nove dimenzije razvitka mog du\u0161evnog bi\u0107a.<br \/>\nDanas sam ja drugi \u010dovjek i mentalno i fizi\u010dki. Momentalno se nalazim na prekretnici svog \u017eivota, poslovno i duhovno i nadam se da \u0107u uz svoju i tvoju pomo\u0107 i sugestije razvijati svoju duhovnu stranu jer me to jako zanima.<br \/>\nDo sljede\u010deg susreta,<br \/>\nSrda\u010dan pozdrav.<span class=\"close-quote\"><\/span><\/p>\n<\/blockquote>\n\t\t\t<div class=\"credit\"><span class=\"author\">Hrvoje (37)<\/span><span class=\"join-location\"><\/span><span class=\"location\">Zagreb, 28.11.2012.<\/span><\/div>\n\t<\/div>\n<\/div>\n\n","protected":false},"excerpt":{"rendered":"","protected":false},"author":1,"featured_media":0,"parent":0,"menu_order":0,"comment_status":"closed","ping_status":"closed","template":"","meta":{"om_disable_all_campaigns":false,"_exactmetrics_skip_tracking":false,"_exactmetrics_sitenote_active":false,"_exactmetrics_sitenote_note":"","_exactmetrics_sitenote_category":0,"_monsterinsights_skip_tracking":false,"_monsterinsights_sitenote_active":false,"_monsterinsights_sitenote_note":"","_monsterinsights_sitenote_category":0,"footnotes":""},"class_list":["post-1521","page","type-page","status-publish","hentry"],"aioseo_notices":[],"_links":{"self":[{"href":"https:\/\/www.akademijazdravlja.com\/cms\/wp-json\/wp\/v2\/pages\/1521","targetHints":{"allow":["GET"]}}],"collection":[{"href":"https:\/\/www.akademijazdravlja.com\/cms\/wp-json\/wp\/v2\/pages"}],"about":[{"href":"https:\/\/www.akademijazdravlja.com\/cms\/wp-json\/wp\/v2\/types\/page"}],"author":[{"embeddable":true,"href":"https:\/\/www.akademijazdravlja.com\/cms\/wp-json\/wp\/v2\/users\/1"}],"replies":[{"embeddable":true,"href":"https:\/\/www.akademijazdravlja.com\/cms\/wp-json\/wp\/v2\/comments?post=1521"}],"version-history":[{"count":1,"href":"https:\/\/www.akademijazdravlja.com\/cms\/wp-json\/wp\/v2\/pages\/1521\/revisions"}],"predecessor-version":[{"id":1522,"href":"https:\/\/www.akademijazdravlja.com\/cms\/wp-json\/wp\/v2\/pages\/1521\/revisions\/1522"}],"wp:attachment":[{"href":"https:\/\/www.akademijazdravlja.com\/cms\/wp-json\/wp\/v2\/media?parent=1521"}],"curies":[{"name":"wp","href":"https:\/\/api.w.org\/{rel}","templated":true}]}}