{"id":16,"date":"2012-12-18T15:51:34","date_gmt":"2012-12-18T15:51:34","guid":{"rendered":"http:\/\/www.akademijazdravlja.com\/cms\/?page_id=16"},"modified":"2019-02-28T13:53:03","modified_gmt":"2019-02-28T12:53:03","slug":"kontakt","status":"publish","type":"page","link":"https:\/\/www.akademijazdravlja.com\/cms\/kontakt\/","title":{"rendered":"Kontakt"},"content":{"rendered":"\n<div class=\"wpcf7 no-js\" id=\"wpcf7-f112-o1\" lang=\"en-US\" dir=\"ltr\" data-wpcf7-id=\"112\">\n<div class=\"screen-reader-response\"><p role=\"status\" aria-live=\"polite\" aria-atomic=\"true\"><\/p> <ul><\/ul><\/div>\n<form action=\"\/cms\/wp-json\/wp\/v2\/pages\/16#wpcf7-f112-o1\" method=\"post\" class=\"wpcf7-form init\" aria-label=\"Contact form\" novalidate=\"novalidate\" data-status=\"init\">\n<fieldset class=\"hidden-fields-container\"><input type=\"hidden\" name=\"_wpcf7\" value=\"112\" \/><input type=\"hidden\" name=\"_wpcf7_version\" value=\"6.1.1\" \/><input type=\"hidden\" name=\"_wpcf7_locale\" value=\"en_US\" \/><input type=\"hidden\" name=\"_wpcf7_unit_tag\" value=\"wpcf7-f112-o1\" \/><input type=\"hidden\" name=\"_wpcf7_container_post\" value=\"0\" \/><input type=\"hidden\" name=\"_wpcf7_posted_data_hash\" value=\"\" \/><input type=\"hidden\" name=\"_wpcf7_recaptcha_response\" value=\"\" \/>\n<\/fieldset>\n<p>Ispunite polja formulara i odgovorit \u0107emo u najkra\u0107em mogu\u0107em roku.<br \/>\nMolimo da postavite pitanje samo za sebe ili svoje dijete.\n<\/p>\n<p>Ime\n<\/p>\n<p><span class=\"wpcf7-form-control-wrap\" data-name=\"ime\"><input size=\"40\" maxlength=\"400\" class=\"wpcf7-form-control wpcf7-text wpcf7-validates-as-required\" aria-required=\"true\" aria-invalid=\"false\" value=\"\" type=\"text\" name=\"ime\" \/><\/span>\n<\/p>\n<p>Email\n<\/p>\n<p><span class=\"wpcf7-form-control-wrap\" data-name=\"email\"><input size=\"40\" maxlength=\"400\" class=\"wpcf7-form-control wpcf7-email wpcf7-validates-as-required wpcf7-text wpcf7-validates-as-email\" aria-required=\"true\" aria-invalid=\"false\" value=\"\" type=\"email\" name=\"email\" \/><\/span>\n<\/p>\n<p>Godina ro\u0111enja\n<\/p>\n<p><span class=\"wpcf7-form-control-wrap\" data-name=\"godina-rodenja\"><input size=\"40\" maxlength=\"400\" class=\"wpcf7-form-control wpcf7-text\" aria-invalid=\"false\" value=\"\" type=\"text\" name=\"godina-rodenja\" \/><\/span>\n<\/p>\n<p>Zanimanje\n<\/p>\n<p><span class=\"wpcf7-form-control-wrap\" data-name=\"zanimanje\"><input size=\"40\" maxlength=\"400\" class=\"wpcf7-form-control wpcf7-text\" aria-invalid=\"false\" value=\"\" type=\"text\" name=\"zanimanje\" \/><\/span>\n<\/p>\n<p>Bra\u010dno stanje\n<\/p>\n<p><span class=\"wpcf7-form-control-wrap\" data-name=\"bracno-stanje\"><input size=\"40\" maxlength=\"400\" class=\"wpcf7-form-control wpcf7-text\" aria-invalid=\"false\" value=\"\" type=\"text\" name=\"bracno-stanje\" \/><\/span>\n<\/p>\n<p>Spol\n<\/p>\n<p><span class=\"wpcf7-form-control-wrap\" data-name=\"spol\"><span class=\"wpcf7-form-control wpcf7-radio\"><span class=\"wpcf7-list-item first\"><input type=\"radio\" name=\"spol\" value=\"Mu\u0161ko\" \/><span class=\"wpcf7-list-item-label\">Mu\u0161ko<\/span><\/span><span class=\"wpcf7-list-item last\"><input type=\"radio\" name=\"spol\" value=\"\u017densko\" \/><span class=\"wpcf7-list-item-label\">\u017densko<\/span><\/span><\/span><\/span>\n<\/p>\n<p>Sada\u0161nje stanje\n<\/p>\n<p><span class=\"wpcf7-form-control-wrap\" data-name=\"sadasnje-stanje\"><span class=\"wpcf7-form-control wpcf7-radio\"><span class=\"wpcf7-list-item first\"><input type=\"radio\" name=\"sadasnje-stanje\" value=\"Nisam bolestan, \u017eelim raditi na sebi\" \/><span class=\"wpcf7-list-item-label\">Nisam bolestan, \u017eelim raditi na sebi<\/span><\/span><span class=\"wpcf7-list-item last\"><input type=\"radio\" name=\"sadasnje-stanje\" value=\"Bolestan sam i trebam iscjeljenje\" \/><span class=\"wpcf7-list-item-label\">Bolestan sam i trebam iscjeljenje<\/span><\/span><\/span><\/span>\n<\/p>\n<p>Na\u010dini lije\u010denja (polje nije obavezno; ako je potrebno, ozna\u010dite vi\u0161e opcija)\n<\/p>\n<p><span class=\"wpcf7-form-control-wrap\" data-name=\"nacin-lijecenja\"><span class=\"wpcf7-form-control wpcf7-checkbox\"><span class=\"wpcf7-list-item first\"><input type=\"checkbox\" name=\"nacin-lijecenja[]\" value=\"Doktor\" \/><span class=\"wpcf7-list-item-label\">Doktor<\/span><\/span><span class=\"wpcf7-list-item\"><input type=\"checkbox\" name=\"nacin-lijecenja[]\" value=\"Operacija\" \/><span class=\"wpcf7-list-item-label\">Operacija<\/span><\/span><span class=\"wpcf7-list-item\"><input type=\"checkbox\" name=\"nacin-lijecenja[]\" value=\"Pomo\u0107 travara\" \/><span class=\"wpcf7-list-item-label\">Pomo\u0107 travara<\/span><\/span><span class=\"wpcf7-list-item\"><input type=\"checkbox\" name=\"nacin-lijecenja[]\" value=\"Bioenergeti\u010dar\" \/><span class=\"wpcf7-list-item-label\">Bioenergeti\u010dar<\/span><\/span><span class=\"wpcf7-list-item\"><input type=\"checkbox\" name=\"nacin-lijecenja[]\" value=\"Energoterapeut\" \/><span class=\"wpcf7-list-item-label\">Energoterapeut<\/span><\/span><span class=\"wpcf7-list-item last\"><input type=\"checkbox\" name=\"nacin-lijecenja[]\" value=\"Meditacija\" \/><span class=\"wpcf7-list-item-label\">Meditacija<\/span><\/span><\/span><\/span>\n<\/p>\n<p>Trajanje bolesti (broj mjeseci ili godina)\n<\/p>\n<p><span class=\"wpcf7-form-control-wrap\" data-name=\"trajanje-bolesti\"><input size=\"40\" maxlength=\"400\" class=\"wpcf7-form-control wpcf7-text\" aria-invalid=\"false\" value=\"\" type=\"text\" name=\"trajanje-bolesti\" \/><\/span>\n<\/p>\n<p>Upi\u0161ite pitanje i svoja o\u010dekivanja od kontakta s na\u0161im terapeutom\n<\/p>\n<p><span class=\"wpcf7-form-control-wrap\" data-name=\"pitanja\"><textarea cols=\"40\" rows=\"10\" maxlength=\"2000\" class=\"wpcf7-form-control wpcf7-textarea\" aria-invalid=\"false\" name=\"pitanja\"><\/textarea><\/span>\n<\/p>\n<p>\n\n<\/p>\n<p><input class=\"wpcf7-form-control wpcf7-submit has-spinner\" type=\"submit\" value=\"Po\u0161alji\" \/>\n<\/p><div class=\"wpcf7-response-output\" aria-hidden=\"true\"><\/div>\n<\/form>\n<\/div>\n\n","protected":false},"excerpt":{"rendered":"","protected":false},"author":1,"featured_media":0,"parent":0,"menu_order":0,"comment_status":"open","ping_status":"open","template":"","meta":{"om_disable_all_campaigns":false,"_exactmetrics_skip_tracking":false,"_exactmetrics_sitenote_active":false,"_exactmetrics_sitenote_note":"","_exactmetrics_sitenote_category":0,"_monsterinsights_skip_tracking":false,"_monsterinsights_sitenote_active":false,"_monsterinsights_sitenote_note":"","_monsterinsights_sitenote_category":0,"footnotes":""},"class_list":["post-16","page","type-page","status-publish","hentry"],"aioseo_notices":[],"_links":{"self":[{"href":"https:\/\/www.akademijazdravlja.com\/cms\/wp-json\/wp\/v2\/pages\/16","targetHints":{"allow":["GET"]}}],"collection":[{"href":"https:\/\/www.akademijazdravlja.com\/cms\/wp-json\/wp\/v2\/pages"}],"about":[{"href":"https:\/\/www.akademijazdravlja.com\/cms\/wp-json\/wp\/v2\/types\/page"}],"author":[{"embeddable":true,"href":"https:\/\/www.akademijazdravlja.com\/cms\/wp-json\/wp\/v2\/users\/1"}],"replies":[{"embeddable":true,"href":"https:\/\/www.akademijazdravlja.com\/cms\/wp-json\/wp\/v2\/comments?post=16"}],"version-history":[{"count":3,"href":"https:\/\/www.akademijazdravlja.com\/cms\/wp-json\/wp\/v2\/pages\/16\/revisions"}],"predecessor-version":[{"id":2802,"href":"https:\/\/www.akademijazdravlja.com\/cms\/wp-json\/wp\/v2\/pages\/16\/revisions\/2802"}],"wp:attachment":[{"href":"https:\/\/www.akademijazdravlja.com\/cms\/wp-json\/wp\/v2\/media?parent=16"}],"curies":[{"name":"wp","href":"https:\/\/api.w.org\/{rel}","templated":true}]}}