{"id":1873,"date":"2017-12-29T01:26:19","date_gmt":"2017-12-29T00:26:19","guid":{"rendered":"http:\/\/localhost\/akademijazdravlja\/?page_id=1873"},"modified":"2019-08-04T16:29:41","modified_gmt":"2019-08-04T14:29:41","slug":"meditacije","status":"publish","type":"page","link":"https:\/\/www.akademijazdravlja.com\/cms\/meditacije\/","title":{"rendered":"Meditacije"},"content":{"rendered":"<p>\u010covjek je socijalno bi\u0107e i ima potrebu svoje aktivnosti u \u017eivotu podijeliti s okolinom. I samim time se pojedinac usugla\u0161ava s tom okolinom. Okolina, stoga, ima veliki utjecaj na stavove pojedinca. Ukoliko, pojedinac, stavove okoline do\u017eivljava kao teret ili pritisak, onda dolazi do nesklade u stanicama tijela i samom bi\u0107u pojedinca. Ovom meditacijom u Akademiji Zdravlja po Da-MIR metodi nastoji se omogu\u0107iti pojedincu-meditantu, da smanji ili eliminira taj utjecaj na sebe i uskladi osobnu vibraciju tijela, Kao cilj ove meditacije je pribli\u017eavanje ili dobivanje stanja Mir-a u tijelu, mislima i emocijama. Drago mi je da si tu<\/p>\n<p><iframe loading=\"lazy\" width=\"100%\" height=\"300\" scrolling=\"no\" frameborder=\"no\" allow=\"autoplay\" src=\"https:\/\/w.soundcloud.com\/player\/?url=https%3A\/\/api.soundcloud.com\/tracks\/660954665%3Fsecret_token%3Ds-O5fFe&amp;color=%23ff5500&amp;auto_play=false&amp;hide_related=false&amp;show_comments=true&amp;show_user=true&amp;show_reposts=false&amp;show_teaser=true&amp;visual=true\"><\/iframe><\/p>\n","protected":false},"excerpt":{"rendered":"<p>\u010covjek je socijalno bi\u0107e i ima potrebu svoje aktivnosti u \u017eivotu podijeliti s okolinom. I samim time se pojedinac usugla\u0161ava s tom okolinom. Okolina, stoga, ima veliki utjecaj na stavove &hellip; <\/p>\n","protected":false},"author":1003385,"featured_media":0,"parent":0,"menu_order":0,"comment_status":"closed","ping_status":"closed","template":"","meta":{"om_disable_all_campaigns":false,"_exactmetrics_skip_tracking":false,"_exactmetrics_sitenote_active":false,"_exactmetrics_sitenote_note":"","_exactmetrics_sitenote_category":0,"_monsterinsights_skip_tracking":false,"_monsterinsights_sitenote_active":false,"_monsterinsights_sitenote_note":"","_monsterinsights_sitenote_category":0,"footnotes":""},"class_list":["post-1873","page","type-page","status-publish","hentry"],"aioseo_notices":[],"_links":{"self":[{"href":"https:\/\/www.akademijazdravlja.com\/cms\/wp-json\/wp\/v2\/pages\/1873","targetHints":{"allow":["GET"]}}],"collection":[{"href":"https:\/\/www.akademijazdravlja.com\/cms\/wp-json\/wp\/v2\/pages"}],"about":[{"href":"https:\/\/www.akademijazdravlja.com\/cms\/wp-json\/wp\/v2\/types\/page"}],"author":[{"embeddable":true,"href":"https:\/\/www.akademijazdravlja.com\/cms\/wp-json\/wp\/v2\/users\/1003385"}],"replies":[{"embeddable":true,"href":"https:\/\/www.akademijazdravlja.com\/cms\/wp-json\/wp\/v2\/comments?post=1873"}],"version-history":[{"count":3,"href":"https:\/\/www.akademijazdravlja.com\/cms\/wp-json\/wp\/v2\/pages\/1873\/revisions"}],"predecessor-version":[{"id":2858,"href":"https:\/\/www.akademijazdravlja.com\/cms\/wp-json\/wp\/v2\/pages\/1873\/revisions\/2858"}],"wp:attachment":[{"href":"https:\/\/www.akademijazdravlja.com\/cms\/wp-json\/wp\/v2\/media?parent=1873"}],"curies":[{"name":"wp","href":"https:\/\/api.w.org\/{rel}","templated":true}]}}