{"id":19,"date":"2012-12-18T15:53:35","date_gmt":"2012-12-18T15:53:35","guid":{"rendered":"http:\/\/www.akademijazdravlja.com\/cms\/?page_id=19"},"modified":"2017-03-15T11:09:43","modified_gmt":"2017-03-15T10:09:43","slug":"pravila-privatnosti","status":"publish","type":"page","link":"https:\/\/www.akademijazdravlja.com\/cms\/pravila-privatnosti\/","title":{"rendered":"Pravila privatnosti"},"content":{"rendered":"<p>Akademija Zdravlja po\u0161tuje privatnost svojih korisnika i posjetitelja web stranica. Podatke iz procesa registracije, te ostale podatke o korisniku, Akademija Zdravlja ne\u0107e davati na uvid tre\u0107oj strani. Podaci o korisniku ne\u0107e biti dostupni tre\u0107oj strani osim u slu\u010daju kada je takva obaveza regulirana zakonom.<\/p>\n<p>Akademija Zdravlja mo\u017ee u skladu sa zakonom prikupljati odre\u0111ene podatke o korisnicima dobivene tijekom kori\u0161tenja portala (isklju\u010divo podaci o ra\u010dunalu i podaci o Internet provideru). Ove podatke Akademija Zdravlja koristi kako bi imala informacije kojima bi pobolj\u0161ala web stranice i njihov sadr\u017eaj.<\/p>\n<p>Akademija Zdravlja se obavezuje da \u0107e \u010duvati privatnost korisnika web stranica, osim u slu\u010daju nezakonitih aktivnosti korisnika.<\/p>\n<\/p>\n<h2>Registrirani korisnici<\/h2>\n<p>Registriranjem na www.akademijazdravlja.com korisnik je obavezan pro\u0107i postupak registracije, unijeti istinite podatke, te odabrati korisni\u010dko ime i lozinku.<\/p>\n<p>Za sve objavljene sadr\u017eaje pod pojedinim korisni\u010dkim imenom odgovoran je isklju\u010divo korisnik koji ga koristi. Akademija Zdravlja ne mo\u017ee se dr\u017eati odgovornim za neovla\u0161teno kori\u0161tenje korisni\u010dkog ra\u010duna, niti eventualnu \u0161tetu nastalu na taj na\u010din.<\/p>\n<p>Akademija Zdravlja zadr\u017eava pravo ukinuti ili uskratiti mogu\u0107nost kori\u0161tenja korisni\u010dkog ra\u010duna i\/ili jedne ili vi\u0161e usluga za koje je korisnik registriran, bez prethodne najave i\/ili obja\u0161njenja.<\/p>\n<p>Akademija Zdravlja ne snosi odgovornost za \u0161tetu nastalu ukidanjem korisni\u010dkog ra\u010duna i\/ili jedne ili vi\u0161e usluga za koje je korisnik registriran.\u201d<\/p>\n","protected":false},"excerpt":{"rendered":"<p>Akademija Zdravlja po\u0161tuje privatnost svojih korisnika i posjetitelja web stranica. Podatke iz procesa registracije, te ostale podatke o korisniku, Akademija Zdravlja ne\u0107e davati na uvid tre\u0107oj strani. Podaci o korisniku &hellip; <\/p>\n","protected":false},"author":1,"featured_media":0,"parent":0,"menu_order":0,"comment_status":"open","ping_status":"open","template":"","meta":{"om_disable_all_campaigns":false,"_exactmetrics_skip_tracking":false,"_exactmetrics_sitenote_active":false,"_exactmetrics_sitenote_note":"","_exactmetrics_sitenote_category":0,"_monsterinsights_skip_tracking":false,"_monsterinsights_sitenote_active":false,"_monsterinsights_sitenote_note":"","_monsterinsights_sitenote_category":0,"footnotes":""},"class_list":["post-19","page","type-page","status-publish","hentry"],"aioseo_notices":[],"_links":{"self":[{"href":"https:\/\/www.akademijazdravlja.com\/cms\/wp-json\/wp\/v2\/pages\/19","targetHints":{"allow":["GET"]}}],"collection":[{"href":"https:\/\/www.akademijazdravlja.com\/cms\/wp-json\/wp\/v2\/pages"}],"about":[{"href":"https:\/\/www.akademijazdravlja.com\/cms\/wp-json\/wp\/v2\/types\/page"}],"author":[{"embeddable":true,"href":"https:\/\/www.akademijazdravlja.com\/cms\/wp-json\/wp\/v2\/users\/1"}],"replies":[{"embeddable":true,"href":"https:\/\/www.akademijazdravlja.com\/cms\/wp-json\/wp\/v2\/comments?post=19"}],"version-history":[{"count":5,"href":"https:\/\/www.akademijazdravlja.com\/cms\/wp-json\/wp\/v2\/pages\/19\/revisions"}],"predecessor-version":[{"id":1502,"href":"https:\/\/www.akademijazdravlja.com\/cms\/wp-json\/wp\/v2\/pages\/19\/revisions\/1502"}],"wp:attachment":[{"href":"https:\/\/www.akademijazdravlja.com\/cms\/wp-json\/wp\/v2\/media?parent=19"}],"curies":[{"name":"wp","href":"https:\/\/api.w.org\/{rel}","templated":true}]}}