{"id":1965,"date":"2018-01-03T02:52:06","date_gmt":"2018-01-03T01:52:06","guid":{"rendered":"http:\/\/localhost\/akademijazdravlja\/?page_id=1965"},"modified":"2018-01-07T19:30:59","modified_gmt":"2018-01-07T18:30:59","slug":"home-so","status":"publish","type":"page","link":"https:\/\/www.akademijazdravlja.com\/cms\/","title":{"rendered":"Home SO"},"content":{"rendered":"<div id=\"pl-1965\"  class=\"panel-layout\" ><div id=\"pg-1965-0\"  class=\"panel-grid panel-has-style\" ><div class=\"panel-row-style panel-row-style-for-1965-0\" ><div id=\"pgc-1965-0-0\"  class=\"panel-grid-cell\" ><div id=\"panel-1965-0-0-0\" class=\"so-panel widget widget_sow-hero panel-first-child panel-last-child\" data-index=\"0\" ><div class=\"panel-widget-style panel-widget-style-for-1965-0-0-0\" ><div\n\t\t\t\n\t\t\tclass=\"so-widget-sow-hero so-widget-sow-hero-default-6e283e92799f-1965 so-widget-fittext-wrapper\"\n\t\t\t data-fit-text-compressor=\"1\"\n\t\t>\t\t\t\t<div class=\"sow-slider-base\" style=\"display: none\" tabindex=\"0\">\n\t\t\t\t\t<ul\n\t\t\t\t\tclass=\"sow-slider-images\"\n\t\t\t\t\tdata-settings=\"{&quot;pagination&quot;:true,&quot;speed&quot;:800,&quot;timeout&quot;:8000,&quot;paused&quot;:false,&quot;pause_on_hover&quot;:false,&quot;swipe&quot;:true,&quot;nav_always_show_desktop&quot;:&quot;&quot;,&quot;nav_always_show_mobile&quot;:&quot;&quot;,&quot;breakpoint&quot;:&quot;780px&quot;,&quot;unmute&quot;:false,&quot;anchor&quot;:null}\"\n\t\t\t\t\t\t\t\t\t\tdata-anchor-id=\"\"\n\t\t\t\t>\t\t<li class=\"sow-slider-image  sow-slider-image-cover\" style=\"visibility: visible;;background-color: #333333;background-image: url(https:\/\/www.akademijazdravlja.com\/cms\/wp-content\/uploads\/2013\/01\/damir_naslovna_bg.jpg)\" >\n\t\t\t\t\t<div class=\"sow-slider-image-container\">\n\t\t\t<div class=\"sow-slider-image-wrapper\">\n\t\t\t\t<div class=\"jFlowSlideContainer\">\n<div class=\"slide-excerpt-border\">\n<h4 style=\"text-align: left;overflow: auto;padding: 2px 10px 5px 2px;color: #404040\"><a href=\"https:\/\/www.akademijazdravlja.com\/cms\/akademija-zdravlja-vas-put-do-iscjeljenja\/\" rel=\"bookmark\">\nAkademija zdravlja, va\u0161 put do samoiscjeljenja<\/a><\/h4>\n<p style=\"text-align: left;padding: 2px 10px 5px 2px;color: #404040\">Dobar dan, moje je ime <strong>Damir \u0160turman<\/strong>, radim energetske terapije koje dovode duh i tijelo u sklad. Koristim vi\u0161e tehnika kojima razvijam sposobnost tijela za samoiscjeljenjem i u kona\u010dnici samoizlije\u010denjem, kako bi se osobe prilagodili novom toku energije u svom tijelu. Stoga sam razvio <strong>daMIR metodu<\/strong> kojom se kori\u0161tenjem tehnika i meditacija posti\u017ee uskladba energije u tijelu, a time odbacuju se prepreke koje mogu izazvati nepo\u017eeljna stanja.<\/p>\n<p style=\"text-align: left;padding: 2px 10px 5px 2px;color: #404040\">Samoiscjeljenje se razvija tokom energoterapeutskog djelovanja, meditacija, edukacijskih dru\u017eenja na seminarima i radionicama.<\/p>\n<p style=\"text-align: left;padding: 2px 10px 5px 2px;color: #404040\">\u017divim i radim u Rovinju, ali redovito odr\u017eavam tretmane, meditacije i seminare u vi\u0161e gradova Hrvatske i inozemstva.<\/p>\n<p style=\"text-align: left;padding: 2px 10px 5px 2px;color: #404040\">Vi\u0161e o mojem djelovanju mo\u017eete pro\u010ditati na stranici <a title=\"Doga\u0111anja\" href=\"https:\/\/www.akademijazdravlja.com\/cms\/dogadanja\/\">Doga\u0111anja<\/a> kao i na <a title=\"Facebook stranici\" href=\"https:\/\/www.facebook.com\/Akademija-Zdravlja-116409055192309\/\">Facebook stranici<\/a> Akademije Zdravlja.<\/p>\n\n\n<\/div>\n<\/div>\t\t\t<\/div>\n\t\t<\/div>\n\t\t\t\t<\/li>\n\t\t<\/ul>\t\t\t\t<ol class=\"sow-slider-pagination\">\n\t\t\t\t\t\t\t\t\t\t\t<li><a href=\"#\" data-goto=\"0\" aria-label=\"Display slide 1\"><\/a><\/li>\n\t\t\t\t\t\t\t\t\t<\/ol>\n\n\t\t\t\t<div class=\"sow-slide-nav sow-slide-nav-next\">\n\t\t\t\t\t<a href=\"#\" data-goto=\"next\" aria-label=\"Next slide\" data-action=\"next\">\n\t\t\t\t\t\t<em class=\"sow-sld-icon-thin-right\"><\/em>\n\t\t\t\t\t<\/a>\n\t\t\t\t<\/div>\n\n\t\t\t\t<div class=\"sow-slide-nav sow-slide-nav-prev\">\n\t\t\t\t\t<a href=\"#\" data-goto=\"previous\" aria-label=\"Previous slide\" data-action=\"prev\">\n\t\t\t\t\t\t<em class=\"sow-sld-icon-thin-left\"><\/em>\n\t\t\t\t\t<\/a>\n\t\t\t\t<\/div>\n\t\t\t\t<\/div><\/div><\/div><\/div><\/div><\/div><\/div><div id=\"pg-1965-1\"  class=\"panel-grid panel-has-style\" ><div class=\"siteorigin-panels-stretch panel-row-style panel-row-style-for-1965-1\" data-stretch-type=\"full\" ><div id=\"pgc-1965-1-0\"  class=\"panel-grid-cell\" ><div id=\"panel-1965-1-0-0\" class=\"widget_text so-panel widget widget_custom_html panel-first-child panel-last-child\" data-index=\"1\" ><h3 class=\"widget-title\">Da \u2013 Mir metoda i uskla\u0111enje energije<\/h3><div class=\"textwidget custom-html-widget\"><a href=\"https:\/\/www.akademijazdravlja.com\/cms\/wp-content\/uploads\/2012\/12\/damir_uska.jpg\"><img loading=\"lazy\" decoding=\"async\" class=\"alignleft wp-image-1458 size-medium\" src=\"https:\/\/www.akademijazdravlja.com\/cms\/wp-content\/uploads\/2012\/12\/damir_uska-211x300.jpg\" alt=\"\" width=\"211\" height=\"300\" srcset=\"https:\/\/www.akademijazdravlja.com\/cms\/wp-content\/uploads\/2012\/12\/damir_uska-211x300.jpg 211w, https:\/\/www.akademijazdravlja.com\/cms\/wp-content\/uploads\/2012\/12\/damir_uska-768x1093.jpg 768w, https:\/\/www.akademijazdravlja.com\/cms\/wp-content\/uploads\/2012\/12\/damir_uska-720x1024.jpg 720w, https:\/\/www.akademijazdravlja.com\/cms\/wp-content\/uploads\/2012\/12\/damir_uska-600x854.jpg 600w\" sizes=\"auto, (max-width: 211px) 100vw, 211px\" \/><\/a>\nKoliko je djelotvorna Da-MIR metoda ?\n\nDa-MIR metoda je namijenjena za uskla\u0111enje toka energije kroz fizi\u010dko tijelo.\n\nUskla\u0111enje se posti\u017ee odnosom energoterapeuta i klijenta i to metodama: intervju (razgovorom), fizi\u010dkim dodirom (polaganjem ruku) na tijelo klijenta te energetskim tretmanom prolaskom ruke kroz energetska tijela klijenta. Tako\u0111er se primjenjuju meditacije koje dovode do opu\u0161tanja klijenta, smanjenje napetosti i bol(esti)a u tijelu.\n\nEnergoterapeut tijekom svakog tretmana (bioenergijom ili energoterapeutskim), ne oduzima niti dodaje energiju klijentu, ve\u0107 je uskla\u0111uje s tokom energije unutar energetskog i fizi\u010dkog tijela. Uskladba toka energije, u i oko tijela klijenta, vr\u0161i se osnovnom djelovanja principa toka, prirodnih i duhovnih energija, koji su sastavni dio \u010dovjeka i njegovog okru\u017eenja.\n\n\n<a class=\"maxbutton-2 maxbutton maxbutton-vise-da-mir\" href=\"https:\/\/www.akademijazdravlja.com\/cms\/da-mir-metoda\/\"><span class='mb-text'>Vi\u0161e<\/span><\/a><\/div><\/div><\/div><div id=\"pgc-1965-1-1\"  class=\"panel-grid-cell\" ><div id=\"panel-1965-1-1-0\" class=\"so-panel widget widget_sow-editor panel-first-child\" data-index=\"2\" ><div class=\"panel-widget-style panel-widget-style-for-1965-1-1-0\" ><div\n\t\t\t\n\t\t\tclass=\"so-widget-sow-editor so-widget-sow-editor-base\"\n\t\t\t\n\t\t><h3 class=\"widget-title\">Kalendar doga\u0111anja<\/h3>\n<div class=\"siteorigin-widget-tinymce textwidget\">\n\t\n<div class=\"textwidget\"><\/div>\n<\/div>\n<\/div><\/div><\/div><div id=\"panel-1965-1-1-1\" class=\"so-panel widget widget_sow-image\" data-index=\"3\" ><div class=\"panel-widget-style panel-widget-style-for-1965-1-1-1\" ><div\n\t\t\t\n\t\t\tclass=\"so-widget-sow-image so-widget-sow-image-default-a258e6bfa2d8-1965\"\n\t\t\t\n\t\t>\n<div class=\"sow-image-container\">\n\t\t<img \n\tsrc=\"https:\/\/www.akademijazdravlja.com\/cms\/wp-content\/uploads\/2012\/12\/calendar2.jpg\" width=\"290\" height=\"100\" sizes=\"(max-width: 290px) 100vw, 290px\" title=\"Kalendar doga\u0111anja\" alt=\"Kalendar doga\u0111anja\" \t\tclass=\"so-widget-image\"\/>\n\t<\/div>\n\n<\/div><\/div><\/div><div id=\"panel-1965-1-1-2\" class=\"so-panel widget widget_em_widget\" data-index=\"4\" ><div class=\"panel-widget-style panel-widget-style-for-1965-1-1-2\" ><div class=\"em pixelbones em-list-widget em-events-widget\">No events<\/li><li class=\"all-events-link\"><a href=\"https:\/\/www.akademijazdravlja.com\/cms\/dogadanja\/\" title=\"Sva doga\u0111anja\">Sva doga\u0111anja<\/a><\/li><\/div><\/div><\/div><div id=\"panel-1965-1-1-3\" class=\"so-panel widget widget_sow-editor panel-last-child\" data-index=\"5\" ><div\n\t\t\t\n\t\t\tclass=\"so-widget-sow-editor so-widget-sow-editor-base\"\n\t\t\t\n\t\t><h3 class=\"widget-title\">Kontakt podaci<\/h3>\n<div class=\"siteorigin-widget-tinymce textwidget\">\n\t<div class=\"siteorigin-widget-tinymce textwidget\">\n<p style=\"text-align: center;\">Venerio Rossetto 2, ROVINJ<br \/>Telefon: 091 533 68 19<\/p>\n<\/div>\n<\/div>\n<\/div><\/div><\/div><div id=\"pgc-1965-1-2\"  class=\"panel-grid-cell\" ><div id=\"panel-1965-1-2-0\" class=\"so-panel widget panel-first-child panel-last-child\" data-index=\"6\" ><\/div><\/div><\/div><\/div><div id=\"pg-1965-2\"  class=\"panel-grid panel-no-style\" ><div id=\"pgc-1965-2-0\"  class=\"panel-grid-cell\" ><div id=\"panel-1965-2-0-0\" class=\"so-panel widget widget_testimonials_widget Axl_Testimonials_Widget_Slider_Widget panel-first-child\" data-index=\"7\" ><h3 class=\"widget-title\">Svjedo\u010danstva<\/h3><div class=\"testimonials-widget-testimonials testimonials-widget-testimonials4\">\n<div class=\"testimonials-widget-testimonial post-854 testimonials-widget type-testimonials-widget status-publish tag-damir\" style=\"\">\n<!-- testimonials-widget-testimonials:854: -->\n\t\t<blockquote><span class=\"open-quote\"><\/span>Damira sam upoznala na preporuku prijateljice 2010.g Imala sam ve\u0107 iskustva sa energoterapijom koju sam prakticirala u dijelu gdje mi zvani\u010dna medicina nije mogla pomo\u0107i. Nakon prve terapije i svake naredne shvatila sam da je ovo ne\u0161to sasvim druga\u010dije, ne\u0161to \u0161to vas di\u017ee mentalno, a ne samo fizi\u010dki, ne\u0161to \u0161to vam daje \u017eivotnu radost u trenucima kada ste umorni od svakodnevnih obveza. U vrijeme bolesti i problema Damir je uvijek uz mene i moju obitelj spreman za pomo\u0107. Kategorija vr\u2026<span class=\"close-quote\"><\/span> <a href=\"https:\/\/www.akademijazdravlja.com\/cms\/testimonials\/nada-m-58\/\" title=\"Complete testimonial by Nada M.(58)\"  class=\"more-link\">Read more<\/a><\/blockquote>\n\t\t\t<div class=\"credit\"><span class=\"author\">Nada M.(58)<\/span><span class=\"join-location\"><\/span><span class=\"location\">Osijek, 02.12.2012.<\/span><\/div>\n\t<\/div>\n<div class=\"testimonials-widget-testimonial post-2665 testimonials-widget type-testimonials-widget status-publish\" style=\"\">\n<!-- testimonials-widget-testimonials:2665: -->\n\t\t<blockquote><span class=\"open-quote\"><\/span>Damira sam upoznala 2012. god. Od tada mi se \u017eivot pobolj\u0161ao na duhovnom i fizi\u010dkom nivou.\r\n\r\nNa preporuku Damira zatvorila sam obrt koji sam imala i otvorila firmu s datumom koji mi je Damir savjetovao. Dan nakon otvaranja firme imala sam zna\u010dajan porast prihoda i bolju energiju u firmi.\r\n\r\nDragi Damir, veliko ti hvala na svemu i velika zahvalnost.\r\n\r\nHvalat ti, hvala ti, hvala ti.<span class=\"close-quote\"><\/span><\/blockquote>\n\t\t\t<div class=\"credit\"><span class=\"author\">T.S. (37)<\/span><span class=\"join-location\"><\/span><span class=\"location\">30.6.2018.<\/span><\/div>\n\t<\/div>\n<div class=\"testimonials-widget-testimonial post-2970 testimonials-widget type-testimonials-widget status-publish\" style=\"\">\n<!-- testimonials-widget-testimonials:2970: -->\n\t\t<blockquote><span class=\"open-quote\"><\/span><img loading=\"lazy\" decoding=\"async\" class=\"wp-image-2972 alignleft\" src=\"https:\/\/www.akademijazdravlja.com\/cms\/wp-content\/uploads\/2020\/04\/2-300x242.jpg\" alt=\"\" width=\"173\" height=\"140\" srcset=\"https:\/\/www.akademijazdravlja.com\/cms\/wp-content\/uploads\/2020\/04\/2-300x242.jpg 300w, https:\/\/www.akademijazdravlja.com\/cms\/wp-content\/uploads\/2020\/04\/2-1024x827.jpg 1024w, https:\/\/www.akademijazdravlja.com\/cms\/wp-content\/uploads\/2020\/04\/2-768x620.jpg 768w, https:\/\/www.akademijazdravlja.com\/cms\/wp-content\/uploads\/2020\/04\/2-600x485.jpg 600w, https:\/\/www.akademijazdravlja.com\/cms\/wp-content\/uploads\/2020\/04\/2.jpg 1123w\" sizes=\"auto, (max-width: 173px) 100vw, 173px\" \/><img loading=\"lazy\" decoding=\"async\" class=\"wp-image-2973 alignleft\" src=\"https:\/\/www.akademijazdravlja.com\/cms\/wp-content\/uploads\/2020\/04\/1-300x210.jpg\" alt=\"\" width=\"200\" height=\"140\" srcset=\"https:\/\/www.akademijazdravlja.com\/cms\/wp-content\/uploads\/2020\/04\/1-300x210.jpg 300w, https:\/\/www.akademijazdravlja.com\/cms\/wp-content\/uploads\/2020\/04\/1-768x538.jpg 768w, https:\/\/www.akademijazdravlja.com\/cms\/wp-content\/uploads\/2020\/04\/1-600x420.jpg 600w, https:\/\/www.akademijazdravlja.com\/cms\/wp-content\/uploads\/2020\/04\/1.jpg 877w\" sizes=\"auto, (max-width: 200px) 100vw, 200px\" \/><span style=\"font-size: 1rem;\">\u017delim se od srca zahvaliti gospodinu \u0160turmanu na terapiji.<\/span>\r\n\r\nNaime, preporuka Urologa je bila operacija kamenca od 8mm koji se zaglavio u ureteru. Nakon jedne terapije kod gospodina \u0160turmana, kamenac je nestao.\r\n\r\nU prilogu \u0161aljem dva ultrazvuka napravljena u razmaku od sedam dana gdje se u prvom vidi kamenac a u drugom ga nema.<span class=\"close-quote\"><\/span><\/blockquote>\n\t\t\t<div class=\"credit\"><span class=\"author\">C (55)<\/span><span class=\"join-location\"><\/span><span class=\"location\">Pula, 28.04.2020.<\/span><\/div>\n\t<\/div>\n<div class=\"testimonials-widget-testimonial post-1517 testimonials-widget type-testimonials-widget status-publish\" style=\"\">\n<!-- testimonials-widget-testimonials:1517: -->\n\t\t<blockquote><span class=\"open-quote\"><\/span>Pro\u0161le godine u 2mj. dijagnosticirani su mi dva tumora na mozgu, operacijom kemoterapijom i zra\u010denjem sam otklonio tumore, ali meni to nije bilo dovoljno pa sam se obratio gospodinu Damiru \u0160turman, napravio mi je tretman koji mi je dao veliku snagu i jo\u0161 ve\u0107u volju za \u017eivotom, rije\u0161io me je velikih strahova i sumnji da \u0107e moje zdravlje ikada biti dobro, uz njegovo savjetovanje i terapiju ja sam ponovno ro\u0111en&#8230; Velika mu hvala svakomu bi preporu\u010dio gospodina Damira \u0160turman jer njegove smirene ri\u2026<span class=\"close-quote\"><\/span> <a href=\"https:\/\/www.akademijazdravlja.com\/cms\/testimonials\/daniel-k\/\" title=\"Complete testimonial by Daniel K.\"  class=\"more-link\">Read more<\/a><\/blockquote>\n\t\t\t<div class=\"credit\"><span class=\"author\">Daniel K.<\/span><span class=\"join-location\"><\/span><span class=\"location\">Pore\u010d, 22.01.2014.<\/span><\/div>\n\t<\/div>\n<div class=\"testimonials-widget-testimonial post-855 testimonials-widget type-testimonials-widget status-publish tag-damir\" style=\"\">\n<!-- testimonials-widget-testimonials:855: -->\n\t\t<blockquote><span class=\"open-quote\"><\/span>Kod Damira me pri prvom susretu najvi\u0161e dojmila njegova iskrenost, koja se nastavila tijekom tri godine koliko traje na\u0161e poznanstvo i suradnja.\r\nNa svako moje bilo usmeno ili pismeno pitanje uvijek je odgovorio, iz \u010dega proizlazi njegova iskrena \u017eelja za pomo\u0107i ili savijetom.\r\nUvijek bi se nakon tretmana osje\u0107ala puna elana, pozitivne energije.\r\nDamir je ljudsko bi\u0107e sa darom koji nesebi\u010dno djeli sa drugima i prijatelj na kojeg uvijek mo\u017eete ra\u010dunati.<span class=\"close-quote\"><\/span><\/blockquote>\n\t\t\t<div class=\"credit\"><span class=\"author\">Anna B. (40)<\/span><span class=\"join-location\"><\/span><span class=\"location\">Rovinj, 17.12.2012.<\/span><\/div>\n\t<\/div>\n<div class=\"testimonials-widget-testimonial post-1556 testimonials-widget type-testimonials-widget status-publish\" style=\"\">\n<!-- testimonials-widget-testimonials:1556: -->\n\t\t<blockquote><span class=\"open-quote\"><\/span>Damira sam upoznao 2009. godine., po preporuci poslovnog partnera.\r\n\r\nPo\u010detkom pro\u0161le godine sam se na\u0161ao u velikoj \u017eivotnoj i poslovnoj krizi. Damir mi je u periodu od 6 mjeseci napravio nekoliko energetskih tretmana, energetski je podr\u017eavao i moju tvrtku te mi je pru\u017eao i telefonsku podr\u0161ku odnosno savjetovanje. Krajem pro\u0161le godine je negativan trend poslovanja zaustavljen. U listopadu pro\u0161le godine je napravio poslovnu odnosno financijsku projekciju poslovanja moje tvrtke za 2017., \u2026<span class=\"close-quote\"><\/span> <a href=\"https:\/\/www.akademijazdravlja.com\/cms\/testimonials\/k-49\/\" title=\"Complete testimonial by K. (49)\"  class=\"more-link\">Read more<\/a><\/blockquote>\n\t\t\t<div class=\"credit\"><span class=\"author\">K. (49)<\/span><span class=\"join-location\"><\/span><span class=\"location\">poduzetnik, 18.05.2017.<\/span><\/div>\n\t<\/div>\n<div class=\"testimonials-widget-testimonial post-853 testimonials-widget type-testimonials-widget status-publish tag-damir\" style=\"\">\n<!-- testimonials-widget-testimonials:853: -->\n\t\t<blockquote><span class=\"open-quote\"><\/span>Po\u0161tovani Damire,\r\n\u017delio bih ti zahvaliti na na\u0161a \u010detiri susreta u Zagrebu.\r\nNi\u0161ta u \u017eivotu nije slu\u010dajno pa tako sam i ja prona\u0161ao tebe koji si me \u201edoveo\u201c u ovih na\u0161ih par susreta do jedne nove dimenzije razvitka mog du\u0161evnog bi\u0107a.\r\nDanas sam ja drugi \u010dovjek i mentalno i fizi\u010dki. Momentalno se nalazim na prekretnici svog \u017eivota, poslovno i duhovno i nadam se da \u0107u uz svoju i tvoju pomo\u0107 i sugestije razvijati svoju duhovnu stranu jer me to jako zanima.\r\nDo sljede\u010deg susreta,\u2026<span class=\"close-quote\"><\/span> <a href=\"https:\/\/www.akademijazdravlja.com\/cms\/testimonials\/hrvoje-37\/\" title=\"Complete testimonial by Hrvoje (37)\"  class=\"more-link\">Read more<\/a><\/blockquote>\n\t\t\t<div class=\"credit\"><span class=\"author\">Hrvoje (37)<\/span><span class=\"join-location\"><\/span><span class=\"location\">Zagreb, 28.11.2012.<\/span><\/div>\n\t<\/div>\n<div class=\"testimonials-widget-testimonial post-1549 testimonials-widget type-testimonials-widget status-publish\" style=\"\">\n<!-- testimonials-widget-testimonials:1549: -->\n\t\t<blockquote><span class=\"open-quote\"><\/span><div class=\"gmail_default\">\r\n<div class=\"gmail_default\"><span style=\"color: #333333; font-family: arial, helvetica, sans-serif;\"><i>Damir je nadareni iscjelitelj. Intuitivno zna \u0161to treba izlije\u010diti u va\u0161em umu, tijelu i duhu.<\/i><\/span><\/div>\r\n<div class=\"gmail_default\"><span style=\"color: #333333; font-family: arial, helvetica, sans-serif;\"><i>\u00a0<\/i><\/span><\/div>\r\n<div class=\"gmail_default\"><span style=\"color: #333333; font-family: arial, helvetica, sans-serif;\"><i>Posjetila sam ga u rujnu 2016. i do\u017eivila dramati\u010dno osloba\u0111anje starih ideja koje su me prije zatvorile. Naime, rad s njim omogu\u0107io mi je da postanem iscjeliteljica. Napravio je ono \u0161to je nevidljivo, vidljivo. Pomogao mi je otkriti istinsku svrhu u ovom \u017eivotu (budite jedno s Bogom i budite svjetlost za druge).<\/i><\/span><\/div>\r\n<div class=\"gmail_default\"><span style=\"color: #333333; font-family: arial, helvetica, sans-serif;\"><i>\u00a0<\/i><\/span><\/div>\r\n<div class=\"gmail_default\"><span style=\"color: #333333; font-family: arial, helvetica, sans-serif;\"><i>Damir mi je tako\u0111er pomogao da se oporavim od ozljede le\u0111a. I pomogao mi je da\u2026<span class=\"close-quote\"><\/span> <a href=\"https:\/\/www.akademijazdravlja.com\/cms\/testimonials\/katy-32\/\" title=\"Complete testimonial by Katy (32)\"  class=\"more-link\">Read more<\/a><\/i><\/span><\/div><\/div><\/blockquote>\n\t\t\t<div class=\"credit\"><span class=\"author\">Katy (32)<\/span><span class=\"join-location\"><\/span><span class=\"location\">New York, 16.05.2017.<\/span><\/div>\n\t<\/div>\n<\/div>\n<div class=\"testimonials-widget-testimonials bx-controls testimonials-widget-testimonials4-control\"><\/div><\/div><div id=\"panel-1965-2-0-1\" class=\"so-panel widget widget_sow-editor panel-last-child\" data-index=\"8\" ><div\n\t\t\t\n\t\t\tclass=\"so-widget-sow-editor so-widget-sow-editor-base\"\n\t\t\t\n\t\t>\n<div class=\"siteorigin-widget-tinymce textwidget\">\n\t<ul>\n<li><a href=\"https:\/\/www.akademijazdravlja.com\/cms\/svjedocanstva-sva\/\">Sva svjedo\u010danstva<\/a><\/li>\n<\/ul>\n<\/div>\n<\/div><\/div><\/div><\/div><\/div>","protected":false},"excerpt":{"rendered":"<p>Venerio Rossetto 2, ROVINJTelefon: 091 533 68 19<\/p>\n","protected":false},"author":1003385,"featured_media":0,"parent":0,"menu_order":0,"comment_status":"closed","ping_status":"closed","template":"","meta":{"om_disable_all_campaigns":false,"_exactmetrics_skip_tracking":false,"_exactmetrics_sitenote_active":false,"_exactmetrics_sitenote_note":"","_exactmetrics_sitenote_category":0,"_monsterinsights_skip_tracking":false,"_monsterinsights_sitenote_active":false,"_monsterinsights_sitenote_note":"","_monsterinsights_sitenote_category":0,"footnotes":""},"class_list":["post-1965","page","type-page","status-publish","hentry"],"aioseo_notices":[],"_links":{"self":[{"href":"https:\/\/www.akademijazdravlja.com\/cms\/wp-json\/wp\/v2\/pages\/1965","targetHints":{"allow":["GET"]}}],"collection":[{"href":"https:\/\/www.akademijazdravlja.com\/cms\/wp-json\/wp\/v2\/pages"}],"about":[{"href":"https:\/\/www.akademijazdravlja.com\/cms\/wp-json\/wp\/v2\/types\/page"}],"author":[{"embeddable":true,"href":"https:\/\/www.akademijazdravlja.com\/cms\/wp-json\/wp\/v2\/users\/1003385"}],"replies":[{"embeddable":true,"href":"https:\/\/www.akademijazdravlja.com\/cms\/wp-json\/wp\/v2\/comments?post=1965"}],"version-history":[{"count":255,"href":"https:\/\/www.akademijazdravlja.com\/cms\/wp-json\/wp\/v2\/pages\/1965\/revisions"}],"predecessor-version":[{"id":2519,"href":"https:\/\/www.akademijazdravlja.com\/cms\/wp-json\/wp\/v2\/pages\/1965\/revisions\/2519"}],"wp:attachment":[{"href":"https:\/\/www.akademijazdravlja.com\/cms\/wp-json\/wp\/v2\/media?parent=1965"}],"curies":[{"name":"wp","href":"https:\/\/api.w.org\/{rel}","templated":true}]}}