{"id":22,"date":"2012-12-18T15:54:16","date_gmt":"2012-12-18T15:54:16","guid":{"rendered":"http:\/\/www.akademijazdravlja.com\/cms\/?page_id=22"},"modified":"2018-01-07T18:15:14","modified_gmt":"2018-01-07T17:15:14","slug":"energoterapeut","status":"publish","type":"page","link":"https:\/\/www.akademijazdravlja.com\/cms\/energoterapeut\/","title":{"rendered":"Energoterapeut"},"content":{"rendered":"<p>Tragaju\u0107i korak po korak za apsolutnom spoznajom dostigao sam stanje radosti i sre\u0107e. Radost je stanje a sre\u0107a je djelo. Nema sre\u0107e bez djela jer je \u010dovjek stvoren da daje.<\/p>\n<p style=\"text-align: justify;\">Bez <a title=\"Iscjeljenje\" href=\"https:\/\/www.akademijazdravlja.com\/cms\/iscjeljenje\/\" target=\"_blank\" rel=\"noopener\">radosti i apsolutne sre\u0107e<\/a> \u010dovjek ne mo\u017ee \u017eivjeti&#8230;.<\/p>\n<figure id=\"attachment_1458\" aria-describedby=\"caption-attachment-1458\" style=\"width: 300px\" class=\"wp-caption alignleft\"><img loading=\"lazy\" decoding=\"async\" class=\"wp-image-1458\" title=\"Damir \u0160turman\" src=\"https:\/\/www.akademijazdravlja.com\/cms\/wp-content\/uploads\/2012\/12\/damir_uska.jpg\" alt=\"Damir \u0160turman\" width=\"300\" height=\"427\" srcset=\"https:\/\/www.akademijazdravlja.com\/cms\/wp-content\/uploads\/2012\/12\/damir_uska.jpg 2245w, https:\/\/www.akademijazdravlja.com\/cms\/wp-content\/uploads\/2012\/12\/damir_uska-211x300.jpg 211w, https:\/\/www.akademijazdravlja.com\/cms\/wp-content\/uploads\/2012\/12\/damir_uska-768x1093.jpg 768w, https:\/\/www.akademijazdravlja.com\/cms\/wp-content\/uploads\/2012\/12\/damir_uska-720x1024.jpg 720w, https:\/\/www.akademijazdravlja.com\/cms\/wp-content\/uploads\/2012\/12\/damir_uska-600x854.jpg 600w\" sizes=\"auto, (max-width: 300px) 100vw, 300px\" \/><figcaption id=\"caption-attachment-1458\" class=\"wp-caption-text\">Damir \u0160turman<\/figcaption><\/figure>\n<p><strong>Damir \u0160turman<\/strong>, ro\u0111en je 23.3.1960.<\/p>\n<p>\u017divi i radi prvenstveno u Rovinju iako zbog potrebe posla i suradnje organizira tretmane i susrete u raznim gradovima kao \u0161to su Pula, Rijeka, \u0160ibenik, Zadar, Split, Zagreb, Vara\u017edin i Vukovor. Tako\u0111er, u vi\u0161e je navrata i u raznim vremenskim terminima djelovao i u Sarajevu (BiH), Roga\u0161koj Slatini (Slovenija), Trevisu (Italija) i Forstu (\u0160vicarska).<\/p>\n<p>Svoju srednjo\u0161kolsku i visoko\u0161kolsku naobrazbu ostvaruje u Puli i Rijeci te 1981. sti\u010de zvanje in\u017eenjera strojarstva na Tehni\u010dkom fakultetu u Rijeci, a 1984. na Filozofskom fakultetu u Puli zvanje magistra edukacije. Profesionalno usavr\u0161avanje nastavlja s vi\u0161e edukacija i seminara.<\/p>\n<p>Radno iskustvo ostvaruje u turizmu, industriji, \u0161kolstvu i menad\u017eerstvu u vlastitoj tvrtci.<\/p>\n<p>Energoterapeutsko djelovanje u njegovom \u017eivotu zapo\u010dinje s duhovnim iskustvima jo\u0161 u srednjo\u0161kolskoj dobi. Tada ima prva izvantjelesna iskustva, &#8220;D\u00e9j\u00e0 vu&#8221;meditacije pra\u0107ene vizijama, osje\u0107ajima i do\u017eivljajima.<\/p>\n<p>Znanja koja u to vrijeme dobiva na vjeronauku, mada prenesena od vrhunskih u\u010ditelja, nisu dostatna da zadovolje potrebe za duhovnim znanjem i odgovorima na pitanja koja se javljaju u njemu.<\/p>\n<p>Transcedentalne meditacije prve su u\u010dene i vo\u0111ene meditacije koje prakticira. To su prvi poku\u0161aji &#8220;smirivanja&#8221; uma.<\/p>\n<p>U periodu od 1988. do 1994. razvija znanja s podru\u010dja psihologije osnivanjem intenzivne poslovne suradnje s vrhunskom psihologicom .<\/p>\n<p>Daljnji je razvojni put okarakteriziran tehnikama na koje nailazi u svojoj okolini, a koje odabire vo\u0111en unutarnjim glasom koji mu poma\u017ee da prona\u0111e metodu kojom \u0107e na najbr\u017ei i naju\u010dinkovitiji na\u010din dovesti klijenta do iscjeljenja.<\/p>\n<p>Prva tehnika rada sa klijentima je Reiki (1999.) kada zapo\u010dinje sa polaganjem ruku.<\/p>\n<p style=\"text-align: justify;\">Kasnije slijedi du\u017ei period u\u010denja tehnika disanja (Art of living). Uz tehnike disanja na raznim radionicama usavr\u0161ava osobnost i \u010dvrstinu namjere.<\/p>\n<p style=\"text-align: justify;\">Od 2005. zapo\u010dinje suradnju sa \u0161vicarskim proizvo\u0111a\u010dima ure\u0111aja kojima se posti\u017ee uklanjanje boli i fizi\u010dko ozdravljenje (<a href=\"http:\/\/quickzap.ch\/\" target=\"_blank\" rel=\"noopener\">Power quick zap i Power tube<\/a>) te postaje generalni zastupnik za distribuciju istih u Sloveniji, Hrvatskoj i Bosni i Hercegovini. Rad sa \u0161vicarskim partnerima donosi mu i nove tehnike iscjeljenja (Soul speaking) koje se pokazuju izuzetno jednostavne u primjeni i brze u iscjeljivanju.\u00a0<a href=\"https:\/\/www.akademijazdravlja.com\/cms\/wp-content\/uploads\/2012\/12\/Quick-Zap-pribor.jpg\"><img loading=\"lazy\" decoding=\"async\" class=\"alignright size-thumbnail wp-image-313\" title=\"Quick Zap pribor\" src=\"https:\/\/www.akademijazdravlja.com\/cms\/wp-content\/uploads\/2012\/12\/Quick-Zap-pribor-150x150.jpg\" alt=\"\" width=\"150\" height=\"150\" srcset=\"https:\/\/www.akademijazdravlja.com\/cms\/wp-content\/uploads\/2012\/12\/Quick-Zap-pribor-150x150.jpg 150w, https:\/\/www.akademijazdravlja.com\/cms\/wp-content\/uploads\/2012\/12\/Quick-Zap-pribor-90x90.jpg 90w\" sizes=\"auto, (max-width: 150px) 100vw, 150px\" \/><\/a><\/p>\n<p style=\"text-align: justify;\">U tom se periodu javlja potreba za specijaliziranim znanjem kojim bi djelovao na uskla\u0111enju svih tijela i na samom duhovnom razvoju.<\/p>\n<p style=\"text-align: justify;\">U periodu od 2004. do 2009. educira se i u praksi razvija specifi\u010dna znanja i vje\u0161tine iz neuro lingvisti\u010dkog programiranja te stje\u010de zvanje majstora NLP-a.<\/p>\n<p><a href=\"https:\/\/www.akademijazdravlja.com\/cms\/wp-content\/uploads\/2012\/12\/QuickZap-u-Akademiji-Zdravlja.jpg\"><img loading=\"lazy\" decoding=\"async\" class=\"alignleft size-thumbnail wp-image-312\" title=\"QuickZap u Akademiji Zdravlja\" src=\"https:\/\/www.akademijazdravlja.com\/cms\/wp-content\/uploads\/2012\/12\/QuickZap-u-Akademiji-Zdravlja-150x150.jpg\" alt=\"QuickZap u Akademiji Zdravlja\" width=\"150\" height=\"150\" srcset=\"https:\/\/www.akademijazdravlja.com\/cms\/wp-content\/uploads\/2012\/12\/QuickZap-u-Akademiji-Zdravlja-150x150.jpg 150w, https:\/\/www.akademijazdravlja.com\/cms\/wp-content\/uploads\/2012\/12\/QuickZap-u-Akademiji-Zdravlja-90x90.jpg 90w\" sizes=\"auto, (max-width: 150px) 100vw, 150px\" \/><\/a>U praksi sve se vi\u0161e pokazuje potreba za primjenom znanja i tehnika kojima Damir raspola\u017ee s obzirom na rastu\u0107u potrebu ljudi za iscjeljenjem i samoozdravljenjem.<\/p>\n<p style=\"text-align: justify;\">Damir dolazi do velike spoznaje kada uvi\u0111a da se jednostavnim vje\u0161tinama i tehnikama uz vi\u0161e metoda rada mo\u017ee do\u0107i do &#8220;povijesnog&#8221; nastanka nesklada u tijelu. Svojim sposobnostima i mo\u0107ima\u00a0 mo\u017ee djelovati na te situacije i iscijeliti ih \u010dak i bez direktnog kontakta sa klijentom.<\/p>\n<p style=\"text-align: justify;\">Tada postavlja novi cilj: ostvariti aktiviranje samoiscjeljenja i samoozdravljenja u \u0161to kra\u0107em vremenu i da to bude \u0161to bezbolnije za klijenta. Dakle, cilj je usporiti starenje i ubrzati proces podizanja svijesti.<\/p>\n<p style=\"text-align: justify;\">Svjestan da jedino kontinuirani rad ima svoj smisao i dugoro\u010dno kvalitetna rje\u0161enja, odlu\u010duje da slijedi nauk i znanje <a title=\"Pranic Healing\" href=\"http:\/\/www.pranichealinghrvatska.com\/\" target=\"_blank\" rel=\"noopener\">Pranic Healing tehnika<\/a> (prema u\u010denjima osniva\u010da Grand Mastera Choa Kok Sui-a). Pranic Healing postaje smisao njegovog daljnjeg djelovanja jer osigurava postizanje svih prethodno postavljenjih ciljeva u iscjeliteljskom radu.<\/p>\n<p style=\"text-align: justify;\">Nova znanja usvaja na seminarima a poha\u0111a i me\u0111unarodnu \u0161kolu Pranic Healinga.<\/p>\n<p style=\"text-align: justify;\">U cilju osobnog duhovnog rasta i napretka Damir pripada obitelji Arhatic yogi-a koja daje znanje, tehnike i meditacije za samorazvoj i podizanje duhovne percepcije.<\/p>\n<p style=\"text-align: justify;\">Svjesnost da je va\u017eno napredovati u sebi, za sebe i prema sebi\u00a0 te biti uskla\u0111en sa drugima razvijaju\u0107i svoju okolinu, postaje smisao njegova djelovanja.<\/p>\n<p style=\"text-align: justify;\">Sve ve\u0107i broj pozitivnih rezultata i iscjeljenja kod klijenata potvr\u0111uju da Damir ima posebne sposobnosti (Bo\u017eji dar, energetska osjetljivost, vidovitost) ali da istovremeno intenzivno radi na usvajanju ve\u0107 dokazanih tehnika, metoda i vje\u0161tina kako bi postigao vi\u0161u sposobnost i ve\u0107u djelotvornost, a sve to na radost i sre\u0107u svojih klijenata i svoje okoline.<\/p>\n<p style=\"text-align: justify;\"><a href=\"https:\/\/www.akademijazdravlja.com\/cms\/wp-content\/uploads\/2012\/12\/Damir-Diploma.png\"><img loading=\"lazy\" decoding=\"async\" class=\"aligncenter size-full wp-image-565\" title=\"Damir \u0160turman, dr. Energetske medicine\" src=\"https:\/\/www.akademijazdravlja.com\/cms\/wp-content\/uploads\/2012\/12\/Damir-Diploma.png\" alt=\"Damir \u0160turman, dr. Energetske medicine\" width=\"323\" height=\"222\" srcset=\"https:\/\/www.akademijazdravlja.com\/cms\/wp-content\/uploads\/2012\/12\/Damir-Diploma.png 323w, https:\/\/www.akademijazdravlja.com\/cms\/wp-content\/uploads\/2012\/12\/Damir-Diploma-300x206.png 300w\" sizes=\"auto, (max-width: 323px) 100vw, 323px\" \/><\/a><\/p>\n<p style=\"text-align: justify;\">Od po\u010detka 2013. ponosni je vlasnik titule Dr. Energetske medicine pri HUPED-u.<\/p>\n<p style=\"text-align: justify;\">Djelotvornost tehnike dokazuje ulazak klijenata u stanje Zdravlja.<\/p>\n<p style=\"text-align: justify;\">Iz zdravlja u stanje Mira.<\/p>\n<p style=\"text-align: justify;\">Mir nam omogu\u0107ava da budemo u Skladu.<\/p>\n<p style=\"text-align: justify;\">Iz sklada dolazimo do Svijesnosti.<\/p>\n<p style=\"text-align: justify;\">Svijesnost je osnovni put ka Mudrosti kao jedne od va\u017enih karakteristika \u010dovjeka.<\/p>\n<p style=\"text-align: justify;\">Kao jedne od va\u017enih karakteristika osobe. \u010covjeka.<\/p>\n<p style=\"text-align: justify;\">Saznajte koje bi tehnike mogle dati najbolje rezultate u va\u0161em slu\u010daju.<\/p>\n<p style=\"text-align: justify;\"><a title=\"Kontakt\" href=\"https:\/\/www.akademijazdravlja.com\/cms\/kontakt\/\">Po\u0161aljite mi upit i odgovorit \u0107u vam u najkra\u0107em mogu\u0107em roku<\/a>.<\/p>\n<p style=\"text-align: justify;\">\n","protected":false},"excerpt":{"rendered":"<p>Tragaju\u0107i korak po korak za apsolutnom spoznajom dostigao sam stanje radosti i sre\u0107e. Radost je stanje a sre\u0107a je djelo. Nema sre\u0107e bez djela jer je \u010dovjek stvoren da daje. &hellip; <\/p>\n","protected":false},"author":1,"featured_media":0,"parent":0,"menu_order":0,"comment_status":"open","ping_status":"open","template":"","meta":{"om_disable_all_campaigns":false,"_exactmetrics_skip_tracking":false,"_exactmetrics_sitenote_active":false,"_exactmetrics_sitenote_note":"","_exactmetrics_sitenote_category":0,"_monsterinsights_skip_tracking":false,"_monsterinsights_sitenote_active":false,"_monsterinsights_sitenote_note":"","_monsterinsights_sitenote_category":0,"footnotes":""},"class_list":["post-22","page","type-page","status-publish","hentry"],"aioseo_notices":[],"_links":{"self":[{"href":"https:\/\/www.akademijazdravlja.com\/cms\/wp-json\/wp\/v2\/pages\/22","targetHints":{"allow":["GET"]}}],"collection":[{"href":"https:\/\/www.akademijazdravlja.com\/cms\/wp-json\/wp\/v2\/pages"}],"about":[{"href":"https:\/\/www.akademijazdravlja.com\/cms\/wp-json\/wp\/v2\/types\/page"}],"author":[{"embeddable":true,"href":"https:\/\/www.akademijazdravlja.com\/cms\/wp-json\/wp\/v2\/users\/1"}],"replies":[{"embeddable":true,"href":"https:\/\/www.akademijazdravlja.com\/cms\/wp-json\/wp\/v2\/comments?post=22"}],"version-history":[{"count":20,"href":"https:\/\/www.akademijazdravlja.com\/cms\/wp-json\/wp\/v2\/pages\/22\/revisions"}],"predecessor-version":[{"id":2494,"href":"https:\/\/www.akademijazdravlja.com\/cms\/wp-json\/wp\/v2\/pages\/22\/revisions\/2494"}],"wp:attachment":[{"href":"https:\/\/www.akademijazdravlja.com\/cms\/wp-json\/wp\/v2\/media?parent=22"}],"curies":[{"name":"wp","href":"https:\/\/api.w.org\/{rel}","templated":true}]}}